{"id":28036,"date":"2025-01-15T09:45:31","date_gmt":"2025-01-15T09:45:31","guid":{"rendered":"https:\/\/lipmedic.ba\/?post_type=product&#038;p=28036"},"modified":"2025-01-27T10:04:56","modified_gmt":"2025-01-27T10:04:56","slug":"strikecell","status":"publish","type":"product","link":"https:\/\/lipmedic.ba\/en\/product\/strikecell\/","title":{"rendered":"StrikeCell"},"content":{"rendered":"<div data-elementor-type=\"wp-post\" data-elementor-id=\"28036\" class=\"elementor elementor-28036\">\n\t\t\t\t<div class=\"wd-negative-gap elementor-element elementor-element-7c3dce69 elementor-hidden-mobile e-flex e-con-boxed e-con e-parent\" data-id=\"7c3dce69\" data-element_type=\"container\">\n\t\t\t\t\t<div class=\"e-con-inner\">\n\t\t\t\t\t<\/div>\n\t\t\t\t<\/div>\n\t\t\t\t<\/div>","protected":false},"excerpt":{"rendered":"<ul>\n<li>\n<div class=\"flex max-w-full flex-col flex-grow\">\n<div class=\"min-h-8 text-message flex w-full flex-col items-end gap-2 whitespace-normal break-words text-start [.text-message+&amp;]:mt-5\" dir=\"auto\" data-message-author-role=\"assistant\" data-message-id=\"2c74da4e-df8f-49f2-82b2-45499e782b14\" data-message-model-slug=\"gpt-4o\">\n<div class=\"flex w-full flex-col gap-1 empty:hidden first:pt-[3px]\">\n<div class=\"markdown prose w-full break-words dark:prose-invert light\">\n<p>An exclusive formula for the treatment of cellulite in the background that contains 5 active ingredients:<br \/>\nCaffeine, Carnitine, Horseradish, Artichoke, EDTA.<\/p>\n<p><span style=\"color: #ff0000;\"><strong>PRICE:<br \/>\n<span style=\"color: #000000;\">292,5KM 5x10ml<br \/>\n100KM 10ml<\/span><\/strong><\/span><\/p>\n<p><span style=\"color: #000000;\"><strong>ORDERING:\u00a0<\/strong><\/span><\/p>\n<div class=\"wpforms-container wpforms-container-full wpforms-render-modern\" id=\"wpforms-28110\">\n<form id=\"wpforms-form-28110\" class=\"wpforms-validate wpforms-form wpforms-ajax-form\" data-formid=\"28110\" method=\"post\" enctype=\"multipart\/form-data\" action=\"\/en\/wp-json\/wp\/v2\/product\/28036\" data-token=\"f7e0a9474de4f7fb75fa12c212e3f5ad\" data-token-time=\"1777145281\" data-trp-original-action=\"\/en\/wp-json\/wp\/v2\/product\/28036\"><noscript class=\"wpforms-error-noscript\">Please enable JavaScript in your browser to complete this form.<\/noscript><\/p>\n<div class=\"wpforms-hidden\" id=\"wpforms-error-noscript\">Please enable JavaScript in your browser to complete this form.<\/div>\n<div class=\"wpforms-field-container\">\n<div id=\"wpforms-28110-field_3-container\" class=\"wpforms-field wpforms-field-text\" data-field-id=\"3\"><label class=\"wpforms-field-label\" for=\"wpforms-28110-field_3\">Name of the salon\/aesthetic center\/practice <\/label><input type=\"text\" id=\"wpforms-28110-field_3\" class=\"wpforms-field-medium\" name=\"wpforms[fields][3]\" aria-errormessage=\"wpforms-28110-field_3-error\" ><\/div>\n<div id=\"wpforms-28110-field_10-container\" class=\"wpforms-field wpforms-field-text\" data-field-id=\"10\"><label class=\"wpforms-field-label\" for=\"wpforms-28110-field_10\">Name and surname<\/label><input type=\"text\" id=\"wpforms-28110-field_10\" class=\"wpforms-field-medium\" name=\"wpforms[fields][10]\" aria-errormessage=\"wpforms-28110-field_10-error\" ><\/div>\n<div id=\"wpforms-28110-field_8-container\" class=\"wpforms-field wpforms-field-radio\" data-field-id=\"8\">\n<fieldset>\n<legend class=\"wpforms-field-label\">Odaberite StrikeCell pakovanja koja \u017eelite kupiti  <span class=\"wpforms-required-label\" aria-hidden=\"true\">*<\/span><\/legend>\n<ul id=\"wpforms-28110-field_8\" class=\"wpforms-field-required\">\n<li class=\"choice-1 depth-1\"><input type=\"radio\" id=\"wpforms-28110-field_8_1\" name=\"wpforms[fields][8]\" value=\"10ml\" aria-errormessage=\"wpforms-28110-field_8_1-error\" required><label class=\"wpforms-field-label-inline\" for=\"wpforms-28110-field_8_1\">10ml<\/label><\/li>\n<li class=\"choice-2 depth-1\"><input type=\"radio\" id=\"wpforms-28110-field_8_2\" name=\"wpforms[fields][8]\" value=\"5x10ml\" aria-errormessage=\"wpforms-28110-field_8_2-error\" required><label class=\"wpforms-field-label-inline\" for=\"wpforms-28110-field_8_2\">5x10ml<\/label><\/li>\n<\/ul>\n<\/fieldset>\n<\/div>\n<div id=\"wpforms-28110-field_7-container\" class=\"wpforms-field wpforms-field-select wpforms-field-select-style-classic\" data-field-id=\"7\"><label class=\"wpforms-field-label\" for=\"wpforms-28110-field_7\">Ukoliko \u017eelite pakovanje 10ml, odaberite \u017eeljenu koli\u010dinu  (broj kutija)<\/label><select id=\"wpforms-28110-field_7\" class=\"wpforms-field-medium\" name=\"wpforms[fields][7]\"><option value=\"0\" >0<\/option><option value=\"1\" >1<\/option><option value=\"2\" >2<\/option><option value=\"3\" >3<\/option><option value=\"4\" >4<\/option><option value=\"5\" >5<\/option><option value=\"6\" >6<\/option><option value=\"7\" >7<\/option><option value=\"8\" >8<\/option><option value=\"9\" >9<\/option><option value=\"10\" >10<\/option><option value=\"11\" >11<\/option><option value=\"12\" >12<\/option><option value=\"13\" >13<\/option><option value=\"14\" >14<\/option><option value=\"15\" >15<\/option><option value=\"16\" >16<\/option><option value=\"17\" >17<\/option><option value=\"18\" >18<\/option><option value=\"19\" >19<\/option><option value=\"20\" >20<\/option><option value=\"21\" >21<\/option><option value=\"22\" >22<\/option><option value=\"23\" >23<\/option><option value=\"24\" >24<\/option><option value=\"25\" >25<\/option><option value=\"26\" >26<\/option><option value=\"27\" >27<\/option><option value=\"28\" >28<\/option><option value=\"29\" >29<\/option><option value=\"30\" >30<\/option><option value=\"31\" >31<\/option><option value=\"32\" >32<\/option><option value=\"33\" >33<\/option><option value=\"34\" >34<\/option><option value=\"35\" >35<\/option><option value=\"36\" >36<\/option><option value=\"37\" >37<\/option><option value=\"38\" >38<\/option><option value=\"39\" >39<\/option><option value=\"40\" >40<\/option><option value=\"41\" >41<\/option><option value=\"42\" >42<\/option><option value=\"43\" >43<\/option><option value=\"44\" >44<\/option><option value=\"45\" >45<\/option><option value=\"46\" >46<\/option><option value=\"47\" >47<\/option><option value=\"48\" >48<\/option><option value=\"49\" >49<\/option><option value=\"50\" >50<\/option><\/select><\/div>\n<div id=\"wpforms-28110-field_11-container\" class=\"wpforms-field wpforms-field-select wpforms-field-select-style-classic\" data-field-id=\"11\"><label class=\"wpforms-field-label\" for=\"wpforms-28110-field_11\">Ukoliko \u017eelite pakovanje 5&#215;10 ml, odaberite \u017eeljenu koli\u010dinu  (broj kutija)<\/label><select id=\"wpforms-28110-field_11\" class=\"wpforms-field-medium\" name=\"wpforms[fields][11]\"><option value=\"0\" >0<\/option><option value=\"1\" >1<\/option><option value=\"2\" >2<\/option><option value=\"3\" >3<\/option><option value=\"4\" >4<\/option><option value=\"5\" >5<\/option><option value=\"6\" >6<\/option><option value=\"7\" >7<\/option><option value=\"8\" >8<\/option><option value=\"9\" >9<\/option><option value=\"10\" >10<\/option><option value=\"11\" >11<\/option><option value=\"12\" >12<\/option><option value=\"13\" >13<\/option><option value=\"14\" >14<\/option><option value=\"15\" >15<\/option><option value=\"16\" >16<\/option><option value=\"17\" >17<\/option><option value=\"18\" >18<\/option><option value=\"19\" >19<\/option><option value=\"20\" >20<\/option><option value=\"21\" >21<\/option><option value=\"22\" >22<\/option><option value=\"23\" >23<\/option><option value=\"24\" >24<\/option><option value=\"25\" >25<\/option><option value=\"26\" >26<\/option><option value=\"27\" >27<\/option><option value=\"28\" >28<\/option><option value=\"29\" >29<\/option><option value=\"30\" >30<\/option><option value=\"31\" >31<\/option><option value=\"32\" >32<\/option><option value=\"33\" >33<\/option><option value=\"34\" >34<\/option><option value=\"35\" >35<\/option><option value=\"36\" >36<\/option><option value=\"37\" >37<\/option><option value=\"38\" >38<\/option><option value=\"39\" >39<\/option><option value=\"40\" >40<\/option><option value=\"41\" >41<\/option><option value=\"42\" >42<\/option><option value=\"43\" >43<\/option><option value=\"44\" >44<\/option><option value=\"45\" >45<\/option><option value=\"46\" >46<\/option><option value=\"47\" >47<\/option><option value=\"48\" >48<\/option><option value=\"49\" >49<\/option><option value=\"50\" >50<\/option><\/select><\/div>\n<div id=\"wpforms-28110-field_9-container\" class=\"wpforms-field wpforms-field-text\" data-field-id=\"9\"><label class=\"wpforms-field-label\" for=\"wpforms-28110-field_9\">City, postal code and address <span class=\"wpforms-required-label\" aria-hidden=\"true\">*<\/span><\/label><input type=\"text\" id=\"wpforms-28110-field_9\" class=\"wpforms-field-medium wpforms-field-required\" name=\"wpforms[fields][9]\" aria-errormessage=\"wpforms-28110-field_9-error\" required><\/div>\n<div id=\"wpforms-28110-field_1-container\" class=\"wpforms-field wpforms-field-email\" data-field-id=\"1\"><label class=\"wpforms-field-label\" for=\"wpforms-28110-field_1\">Email <span class=\"wpforms-required-label\" aria-hidden=\"true\">*<\/span><\/label><input type=\"email\" id=\"wpforms-28110-field_1\" class=\"wpforms-field-medium wpforms-field-required\" name=\"wpforms[fields][1]\" spellcheck=\"false\" aria-errormessage=\"wpforms-28110-field_1-error\" required><\/div>\n<div id=\"wpforms-28110-field_5-container\" class=\"wpforms-field wpforms-field-text\" data-field-id=\"5\"><label class=\"wpforms-field-label\" for=\"wpforms-28110-field_5\">Contact phone <span class=\"wpforms-required-label\" aria-hidden=\"true\">*<\/span><\/label><input type=\"text\" id=\"wpforms-28110-field_5\" class=\"wpforms-field-medium wpforms-field-required\" name=\"wpforms[fields][5]\" aria-errormessage=\"wpforms-28110-field_5-error\" required><\/div>\n<div id=\"wpforms-28110-field_14-container\" class=\"wpforms-field wpforms-field-radio\" data-field-id=\"14\">\n<fieldset>\n<legend class=\"wpforms-field-label\">Do you want to pick up in person or pay cash on delivery? <span class=\"wpforms-required-label\" aria-hidden=\"true\">*<\/span><\/legend>\n<ul id=\"wpforms-28110-field_14\" class=\"wpforms-field-required\">\n<li class=\"choice-1 depth-1\"><input type=\"radio\" id=\"wpforms-28110-field_14_1\" name=\"wpforms[fields][14]\" value=\"\u017delim li\u010dno preuzeti\" aria-errormessage=\"wpforms-28110-field_14_1-error\" required><label class=\"wpforms-field-label-inline\" for=\"wpforms-28110-field_14_1\">I want to pick it up in person<\/label><\/li>\n<li class=\"choice-2 depth-1\"><input type=\"radio\" id=\"wpforms-28110-field_14_2\" name=\"wpforms[fields][14]\" value=\"\u017delim platiti pouze\u0107em\" aria-errormessage=\"wpforms-28110-field_14_2-error\" required><label class=\"wpforms-field-label-inline\" for=\"wpforms-28110-field_14_2\">I want to pay cash on delivery<\/label><\/li>\n<\/ul>\n<\/fieldset>\n<\/div>\n<\/div>\n<p><!-- .wpforms-field-container --><\/p>\n<div class=\"wpforms-submit-container\" ><input type=\"hidden\" name=\"wpforms[id]\" value=\"28110\"><input type=\"hidden\" name=\"page_title\" value=\"\"><input type=\"hidden\" name=\"page_url\" value=\"https:\/\/lipmedic.ba\/en\/wp-json\/wp\/v2\/product\/28036\"><button type=\"submit\" name=\"wpforms[submit]\" id=\"wpforms-submit-28110\" class=\"wpforms-submit\" data-alt-text=\"Sending...\" data-submit-text=\"Po\u0161alji\" aria-live=\"assertive\" value=\"wpforms-submit\">SEND<\/button><img decoding=\"async\" src=\"https:\/\/lipmedic.ba\/wp-content\/plugins\/wpforms-lite\/assets\/images\/submit-spin.svg\" class=\"wpforms-submit-spinner\" style=\"display: none;\" width=\"26\" height=\"26\" alt=\"Loading\"><\/div>\n<input type=\"hidden\" name=\"trp-form-language\" value=\"en\"\/><\/form>\n<\/div>\n<p>  <!-- .wpforms-container --><\/p>\n<\/div>\n<\/div>\n<\/div>\n<\/div>\n<\/li>\n<\/ul>\n<p>&nbsp;<\/p>","protected":false},"featured_media":28039,"comment_status":"open","ping_status":"closed","template":"","meta":[],"product_brand":[],"product_cat":[82],"product_tag":[],"class_list":{"0":"post-28036","1":"product","2":"type-product","3":"status-publish","4":"has-post-thumbnail","6":"product_cat-tretman-za-celulit","8":"first","9":"instock","10":"shipping-taxable","11":"product-type-simple"},"_links":{"self":[{"href":"https:\/\/lipmedic.ba\/en\/wp-json\/wp\/v2\/product\/28036","targetHints":{"allow":["GET"]}}],"collection":[{"href":"https:\/\/lipmedic.ba\/en\/wp-json\/wp\/v2\/product"}],"about":[{"href":"https:\/\/lipmedic.ba\/en\/wp-json\/wp\/v2\/types\/product"}],"replies":[{"embeddable":true,"href":"https:\/\/lipmedic.ba\/en\/wp-json\/wp\/v2\/comments?post=28036"}],"version-history":[{"count":5,"href":"https:\/\/lipmedic.ba\/en\/wp-json\/wp\/v2\/product\/28036\/revisions"}],"predecessor-version":[{"id":28114,"href":"https:\/\/lipmedic.ba\/en\/wp-json\/wp\/v2\/product\/28036\/revisions\/28114"}],"wp:featuredmedia":[{"embeddable":true,"href":"https:\/\/lipmedic.ba\/en\/wp-json\/wp\/v2\/media\/28039"}],"wp:attachment":[{"href":"https:\/\/lipmedic.ba\/en\/wp-json\/wp\/v2\/media?parent=28036"}],"wp:term":[{"taxonomy":"product_brand","embeddable":true,"href":"https:\/\/lipmedic.ba\/en\/wp-json\/wp\/v2\/product_brand?post=28036"},{"taxonomy":"product_cat","embeddable":true,"href":"https:\/\/lipmedic.ba\/en\/wp-json\/wp\/v2\/product_cat?post=28036"},{"taxonomy":"product_tag","embeddable":true,"href":"https:\/\/lipmedic.ba\/en\/wp-json\/wp\/v2\/product_tag?post=28036"}],"curies":[{"name":"wp","href":"https:\/\/api.w.org\/{rel}","templated":true}]}}